{"id":15,"date":"2023-01-06T10:48:19","date_gmt":"2023-01-06T10:48:19","guid":{"rendered":"https:\/\/aha-musik.de\/?page_id=15"},"modified":"2026-03-12T09:17:48","modified_gmt":"2026-03-12T09:17:48","slug":"repertoire","status":"publish","type":"page","link":"https:\/\/aha-musik.de\/index.php\/repertoire\/","title":{"rendered":"Repertoire"},"content":{"rendered":"\n<h5 class=\"wp-block-heading\">Auszug\/Excerpt<\/h5>\n\n\n\n<ul class=\"wp-block-list\">\n<li>Orgelmusik aus 6 Jahrhunderten. <em>Organ music from 6 centuries<\/em>\n<ul class=\"wp-block-list\">\n<li>Programm &#8222;Barock trifft Moderne&#8220;: Musik von Komponistinnen aus dem 18., 20. und 21. Jahrhundert<\/li>\n\n\n\n<li>Programm &#8222;Zwei gro\u00dfe Musikerfamilien: Familie Bach und Familie Unbekannt&#8220;<\/li>\n\n\n\n<li>Programm &#8222;Geschichten aus Gemoldur&#8220;: Werke in G-Dur und g-Moll aus verschiedenen Epochen<\/li>\n\n\n\n<li>Programm &#8222;Vielfalt&#8220;: Werke aus 15 L\u00e4ndern und 5 Jahrhunderten<\/li>\n\n\n\n<li>Programm &#8222;Ladies only&#8220;: <a href=\"https:\/\/aha-musik.de\/index.php\/repertoire\/werke-von-komponistinnen\/\" data-type=\"page\" data-id=\"66\">Werke von Komponistinnen<\/a><\/li>\n\n\n\n<li><a href=\"https:\/\/aha-musik.de\/index.php\/profil\/unterricht-konzerte-mehr\/kuschelkissenkonzert\/\" data-type=\"page\" data-id=\"397\">KuKiKo &#8211; Kuschelkissenkonzert<\/a>: Orgelmusik f\u00fcr Kinder (und nat\u00fcrlich auch f\u00fcr Erwachsene)<\/li>\n\n\n\n<li><a href=\"https:\/\/aha-musik.de\/index.php\/profil\/unterricht-konzerte-mehr\/mitmachkonzert\/\" data-type=\"page\" data-id=\"405\">MiMaKo &#8211; Mitmachkonzert<\/a>: interaktives Konzertformat f\u00fcr Kinder (und Erwachsene)<\/li>\n\n\n\n<li>&#8222;Tasten &amp; Tee&#8220;: Gespr\u00e4chskonzert mit Werken von Komponistinnen (Orgel und Klavier oder nur Orgel oder nur Klavier)<\/li>\n\n\n\n<li>&#8222;Bekanntes und Seltenes&#8220;: Orgelmusik vom Barock bis zur Moderne, oft geh\u00f6rte St\u00fccke neben weniger h\u00e4ufig gespielten Werken, heiter bis besinnlich<\/li>\n\n\n\n<li>&#8222;B\u00e4che, Krebse und mehr&#8220;: Orgelmusik mit Werken der Familien Bach und Krebs sowie weiteren Komponist*innen<\/li>\n\n\n\n<li>&#8222;Greensleeves&#8220;: Orgel- und Fl\u00f6tenmusik aus England, Wales, Schottland und Irland. Auch m\u00f6glich in der Kombination Klavier und Fl\u00f6te(n).<\/li>\n\n\n\n<li>&#8222;2&#215;10&#8220;: Musik von 10 Komponistinnen f\u00fcr Klavier und Orgel<\/li>\n<\/ul>\n<\/li>\n\n\n\n<li><a href=\"https:\/\/aha-musik.de\/index.php\/profil\/unterricht-konzerte-mehr\/handtaschenkonzerte\/\" data-type=\"page\" data-id=\"568\">Handtaschenkonzerte<\/a><\/li>\n\n\n\n<li><a href=\"https:\/\/aha-musik.de\/index.php\/profil\/unterricht-konzerte-mehr\/wohnzimmerkonzert\/\" data-type=\"page\" data-id=\"573\">Wohnzimmerkonzerte<\/a><\/li>\n\n\n\n<li>J.S.Bach, Weihnachtsoratorium BWV 248. Chorsopran und Echosopran (Teil IV). Ch<em>oir soprano and echo soprano in part IV<\/em><\/li>\n\n\n\n<li>G. Rossini, Petite Messe Solenelle. Chorsopran und Solosopran. <em>Choir soprano and solo soprano<\/em><\/li>\n\n\n\n<li>M. Drischner, Weihnachtsgeschichte. Evangelistin und Chorsopran. Orgel. <em>Evangelist and choir soprano. Organ.<\/em><\/li>\n\n\n\n<li>Pergolesi\/Durante, Magnificat. Sopran und Chorsopran. Continuo. <em>Soprano and choir soprano. Continuo.<\/em><\/li>\n\n\n\n<li>A. Vivaldi, Gloria in D. Chorsopran und Sopran. Continuo. <em>Choir soprano, soprano, continuo.<\/em><\/li>\n\n\n\n<li>D. Buxtehude: &#8222;Alles, was ihr tut&#8220;. Kantate BuxWV 4. Chorsopran. Continuo. <em>Choir soprano, continuo.<\/em><\/li>\n\n\n\n<li>C. Saint-Sa\u00ebns, Oratorio de No\u00ebl. Mezzosopran, Chorsopran, Orgel. <em>Mezzosoprano, Choir soprano, organ.<\/em><\/li>\n\n\n\n<li>W.A. Mozart, Missa in C KV 220 &#8222;Spatzenmesse&#8220;. Chorsopran, Solosopran, Continuo. <em>Choir soprano, solo soprano, continuo.<\/em><\/li>\n<\/ul>\n","protected":false},"excerpt":{"rendered":"<p>Auszug\/Excerpt<\/p>\n","protected":false},"author":1,"featured_media":0,"parent":0,"menu_order":2,"comment_status":"closed","ping_status":"closed","template":"","meta":{"footnotes":""},"class_list":["post-15","page","type-page","status-publish","hentry"],"_links":{"self":[{"href":"https:\/\/aha-musik.de\/index.php\/wp-json\/wp\/v2\/pages\/15","targetHints":{"allow":["GET"]}}],"collection":[{"href":"https:\/\/aha-musik.de\/index.php\/wp-json\/wp\/v2\/pages"}],"about":[{"href":"https:\/\/aha-musik.de\/index.php\/wp-json\/wp\/v2\/types\/page"}],"author":[{"embeddable":true,"href":"https:\/\/aha-musik.de\/index.php\/wp-json\/wp\/v2\/users\/1"}],"replies":[{"embeddable":true,"href":"https:\/\/aha-musik.de\/index.php\/wp-json\/wp\/v2\/comments?post=15"}],"version-history":[{"count":16,"href":"https:\/\/aha-musik.de\/index.php\/wp-json\/wp\/v2\/pages\/15\/revisions"}],"predecessor-version":[{"id":575,"href":"https:\/\/aha-musik.de\/index.php\/wp-json\/wp\/v2\/pages\/15\/revisions\/575"}],"wp:attachment":[{"href":"https:\/\/aha-musik.de\/index.php\/wp-json\/wp\/v2\/media?parent=15"}],"curies":[{"name":"wp","href":"https:\/\/api.w.org\/{rel}","templated":true}]}}