{"id":17,"date":"2023-01-06T10:49:07","date_gmt":"2023-01-06T10:49:07","guid":{"rendered":"https:\/\/aha-musik.de\/?page_id=17"},"modified":"2026-04-10T14:53:39","modified_gmt":"2026-04-10T14:53:39","slug":"komponistinnen","status":"publish","type":"page","link":"https:\/\/aha-musik.de\/index.php\/komponistinnen\/","title":{"rendered":"Komponistinnen"},"content":{"rendered":"\n<p>Hier teile ich meine Liste von Komponistinnen, die f\u00fcr Orgel komponiert haben oder die Werke f\u00fcr Tasteninstrument geschrieben haben, die sich gut auf die Orgel \u00fcbertragen oder auf der Orgel darstellen lassen. <\/p>\n\n\n\n<p>Diese Liste erhebt keinen Anspruch auf Vollst\u00e4ndigkeit und entstand aus meiner praktischen Arbeit als Musikerin. Wer Fehler entdeckt (Namen, Lebensdaten&#8230;) oder Erg\u00e4nzungen hat, darf mir gerne <a href=\"https:\/\/aha-musik.de\/index.php\/impressum\/\">schreiben<\/a>. <\/p>\n\n\n\n<p class=\"has-small-font-size\"><a href=\"#ZuA\">A<\/a> <a href=\"#ZuB\">B<\/a> <a href=\"#ZuC\">C<\/a> <a href=\"#ZuD\">D<\/a> <a href=\"#ZuE\">E<\/a> <a href=\"#ZuF\">F<\/a> <a href=\"#ZuG\">G<\/a> <a href=\"#ZuH\">H<\/a> <a href=\"#ZuI\">I<\/a> <a href=\"#ZuJ\">J<\/a> <a href=\"#ZuK\">K<\/a> <a href=\"#ZuL\">L<\/a> <a href=\"#ZuM\">M<\/a> <a href=\"#ZuN\">N<\/a> <a href=\"#ZuO\">O<\/a> <a href=\"#ZuP\">P<\/a> Q <a href=\"#ZuR\">R<\/a> <a href=\"#ZuS\">S<\/a> <a href=\"#ZuT\">T<\/a> <a href=\"#ZuU\">U<\/a> <a href=\"#ZuV\">V<\/a> <a href=\"#ZuW\">W<\/a> X Y <a href=\"#ZuZ\">Z<\/a> <a href=\"#ZuLinks\">Links<\/a><\/p>\n\n\n\n<p id=\"ZuA\">A<\/p>\n\n\n\n<p id=\"A\"><a href=\"https:\/\/aha-musik.de\/index.php\/2023\/03\/17\/maria-teresa-agnesi-pinottini\/\">Maria Teresia Agnesi Pinottini<\/a> (1720-1795)<\/p>\n\n\n\n<p><a href=\"https:\/\/komponistinnen.org\/artists\/ahrens-sieglinde\/\" target=\"_blank\" rel=\"noreferrer noopener\">Sieglinde Ahrens<\/a> (1936-)<\/p>\n\n\n\n<p><a href=\"https:\/\/imslp.org\/wiki\/Category:Alexandra,_Liana\" target=\"_blank\" rel=\"noreferrer noopener\">Liana Alexandra<\/a> (1947-2011)<\/p>\n\n\n\n<p><a href=\"https:\/\/imslp.org\/index.php?title=Category:Amalia,_Anna\" target=\"_blank\" rel=\"noreferrer noopener\">Herzogin Anna Amalia<\/a> (1739-1807)<\/p>\n\n\n\n<p><a href=\"https:\/\/www.swedishmusicalheritage.com\/composers\/andree-elfrida\" target=\"_blank\" rel=\"noreferrer noopener\">Elfrida Andr\u00e9e<\/a> (1841-1929)<\/p>\n\n\n\n<p>Veronica Anghelescu (1981-)<\/p>\n\n\n\n<p>Caroline Ansink (1959-)<\/p>\n\n\n\n<p>Ingrid Arauco (1957-)<\/p>\n\n\n\n<p>Caterina Assandra (1590-1618)<\/p>\n\n\n\n<p><a href=\"https:\/\/aha-musik.de\/index.php\/2023\/10\/19\/emma-louise-ashford\/\">Emma Louise Ashford<\/a> (1850 -1930)<\/p>\n\n\n\n<p>Johanna Asmussen (1936-)<\/p>\n\n\n\n<p><a href=\"http:\/\/www.chantalauber.com\/orgue.php#1123\" target=\"_blank\" rel=\"noreferrer noopener\">Chantal Auber<\/a><\/p>\n\n\n\n<p>Valborg Aulin (1860-1928)<\/p>\n\n\n\n<p><a href=\"https:\/\/www.certosaverlag.de\/produkt-schlagwort\/austin-elizabeth-r\/\" target=\"_blank\" rel=\"noreferrer noopener\">Elizabeth Austin<\/a> (1938-)<\/p>\n\n\n\n<p id=\"ZuB\">B<\/p>\n\n\n\n<p>Grazyna Bacewicz (1909-1969)<\/p>\n\n\n\n<p>Lotte Backes (1901-1990)<\/p>\n\n\n\n<p>Judith Bailey<\/p>\n\n\n\n<p>Ena Baga (1906-2004)<\/p>\n\n\n\n<p>Marguerite Balutet<\/p>\n\n\n\n<p>Gracia Baptista<\/p>\n\n\n\n<p>Elsa Barraine (1910-1999)<\/p>\n\n\n\n<p>Amy Marcy Beach<\/p>\n\n\n\n<p><a href=\"https:\/\/furore-verlag.de\/komponistin\/janet-beat\/\">Janet Beat<\/a> (1937-)<\/p>\n\n\n\n<p><a href=\"https:\/\/imslp.org\/wiki\/Category:Beesemer,_Lena_Annika\">Lena Annika Beesemer<\/a><\/p>\n\n\n\n<p>Peggy Bettcher (1961-)<\/p>\n\n\n\n<p>Marilyn Biery (1959-)<\/p>\n\n\n\n<p>Judith Bingham (1952-)<\/p>\n\n\n\n<p>Roberta Bitgood (1908-2007)<\/p>\n\n\n\n<p>Liv-Benedicte Bj\u00f8rneboe (1965-)<\/p>\n\n\n\n<p>Donata Bohlscheid<\/p>\n\n\n\n<p><a href=\"https:\/\/aha-musik.de\/index.php\/2024\/02\/28\/caroline-boissier-butini\/\">Caroline Boissier-Butini<\/a> (1786-1836)<\/p>\n\n\n\n<p><a href=\"https:\/\/aha-musik.de\/index.php\/2023\/01\/25\/anna-bon-di-venezia\/\">Anna Bon di Venezia<\/a> (1738-?)<\/p>\n\n\n\n<p>Rosalie Bonighton (1946-2011)<\/p>\n\n\n\n<p><a href=\"https:\/\/vimeo.com\/526015243\" target=\"_blank\" rel=\"noreferrer noopener\">Mel Bonis<\/a> (1858-1937)<\/p>\n\n\n\n<p><a href=\"https:\/\/imslp.org\/wiki\/Category:Barbosa,_Cacilda_Borges\">Cacilda Borges Barbosa<\/a> (1914-2010)<\/p>\n\n\n\n<p>Maja B\u00f6sch-Schildknecht (1978-)<\/p>\n\n\n\n<p>Nadja (Nadia) Boulanger (1887-1979)<\/p>\n\n\n\n<p>Jos\u00e9phine Boulay (1869-1925)<\/p>\n\n\n\n<p><a href=\"https:\/\/aha-musik.de\/index.php\/2023\/04\/14\/kate-emma-boundy\/\">Kate Emma Boundy<\/a> (1866-1913)<\/p>\n\n\n\n<p>Marthe Henriod Bracquemond (1898-1973)<\/p>\n\n\n\n<p>Monika Br\u00fcckner<\/p>\n\n\n\n<p><a href=\"https:\/\/imslp.org\/wiki\/Category:Burke,_Marsha\">Marsha Burke<\/a> (1970-)<\/p>\n\n\n\n<p>Diana Burrell (1948-)<\/p>\n\n\n\n<p>Anne Buys<\/p>\n\n\n\n<p id=\"ZuC\">C<\/p>\n\n\n\n<p>Ann Callaway (1949-)<\/p>\n\n\n\n<p><a href=\"https:\/\/imslp.org\/wiki\/Category:Campbell-Jansen,_Maude\">Maude Campbell-Jansen<\/a> (1884-1958)<\/p>\n\n\n\n<p>Matilde Capuis (1913-2017)<\/p>\n\n\n\n<p><a rel=\"noreferrer noopener\" href=\"https:\/\/vimeo.com\/563293399\" target=\"_blank\">Theophania Cecil<\/a> (1782-1879)<\/p>\n\n\n\n<p>Laura Cerutti<\/p>\n\n\n\n<p><a href=\"https:\/\/aha-musik.de\/index.php\/2025\/08\/25\/cecile-chaminade\/\">C\u00e9cile Chaminade<\/a> (1857-1944)<\/p>\n\n\n\n<p>Pei-Lun Vicky Chan (1966-)<\/p>\n\n\n\n<p>Caroline Charri\u00e8re (1960-2018)<\/p>\n\n\n\n<p>Chelsea Chen (1983-)<\/p>\n\n\n\n<p><a rel=\"noreferrer noopener\" href=\"https:\/\/vimeo.com\/736143621\" target=\"_blank\">Hedwige Chr\u00e9tien<\/a> (1859-1944)<\/p>\n\n\n\n<p><a href=\"https:\/\/imslp.org\/wiki\/Category:Corini,_Lucia\">Lucia Corini<\/a> (1960-)<\/p>\n\n\n\n<p>Janet Correll (1942-)<\/p>\n\n\n\n<p>Andrea Csoll\u00e1ny (1964-)<\/p>\n\n\n\n<p id=\"ZuD\">D<\/p>\n\n\n\n<p>Marie-Jos\u00e9phine de Comarieu Montalembert (1760-1832)<\/p>\n\n\n\n<p><a href=\"https:\/\/vimeo.com\/431775510\" target=\"_blank\" rel=\"noreferrer noopener\">Elisabetta di Gambarini<\/a> (1730-1765)<\/p>\n\n\n\n<p>Margaretha Christina de Jong<\/p>\n\n\n\n<p><a href=\"https:\/\/imslp.org\/wiki\/Category:De_Santis,_Francesca\">Francesca de Santis<\/a><\/p>\n\n\n\n<p><a href=\"https:\/\/cfa.arizona.edu\/profile\/pdecker\/\">Pamela Decker<\/a> (1955-)<\/p>\n\n\n\n<p><a href=\"https:\/\/en.m.wikipedia.org\/wiki\/Claire_Delbos\" target=\"_blank\" rel=\"noreferrer noopener\">Claire Delbos<\/a> (1906-1959)<\/p>\n\n\n\n<p>Jeanne Demessieux (1921-1968)<\/p>\n\n\n\n<p>Barbara Dennerlein (1964-)<\/p>\n\n\n\n<p><a href=\"https:\/\/imslp.org\/wiki\/Category:Diehl,_Michelle\">Michelle Diehl<\/a> (1962-)<\/p>\n\n\n\n<p>Emma Lou Diemer (1927-2024)<\/p>\n\n\n\n<p>Violeta Dinescu (1953-)<\/p>\n\n\n\n<p>Adela Douglas-Pennant (1858-1955)<\/p>\n\n\n\n<p>Marie-Bernadette Dufourcet-Hakim (1956-)<\/p>\n\n\n\n<p><a href=\"https:\/\/imslp.org\/wiki\/Category:Dunn,_Marion_Austin\">Marion Austin Dunn <\/a>(1888-1959)<\/p>\n\n\n\n<p id=\"ZuE\">E<\/p>\n\n\n\n<p><a href=\"https:\/\/aha-musik.de\/index.php\/2025\/08\/11\/m-eckendorff-marie-bertault\/\">Madame Eckendorff<\/a> (Marie Bertault, 1875-1959)<\/p>\n\n\n\n<p>Maija Einfelde (1939-)<\/p>\n\n\n\n<p>Siegrid Ernst (1929-2022)<\/p>\n\n\n\n<p id=\"ZuF\">F<\/p>\n\n\n\n<p>Clara Faisst (1872-1948)<\/p>\n\n\n\n<p><a href=\"https:\/\/imslp.org\/wiki\/Category:Leutert,_Brita_Falch\">Brita Falch Leutert<\/a> (1966-)<\/p>\n\n\n\n<p>Rolande Falcinelli (1920-2006)<\/p>\n\n\n\n<p><a href=\"https:\/\/imslp.org\/wiki\/Category:Faltis,_Evelyn\">Evelyn Faltis<\/a> (1887-1937)<\/p>\n\n\n\n<p><a href=\"https:\/\/imslp.org\/wiki\/Category:Farn,_Kat\">Kat Farn<\/a> (2004-)<\/p>\n\n\n\n<p>Sylke Feldhusen (1962-)<\/p>\n\n\n\n<p><a href=\"https:\/\/aha-musik.de\/index.php\/2025\/08\/05\/carlotta-ferrari\/\">Carlotta Ferrari<\/a> (1975-)<\/p>\n\n\n\n<p>Graciane Finzi (1945-)<\/p>\n\n\n\n<p>Esther Elizabeth Fleet<\/p>\n\n\n\n<p>H\u00e9l\u00e8ne Fleury (1876-1957)<\/p>\n\n\n\n<p><a rel=\"noreferrer noopener\" href=\"https:\/\/vimeo.com\/773821341\" target=\"_blank\">Eugenie-Emilie Juliette Folville<\/a> (1870-1946)<\/p>\n\n\n\n<p>Faythe Freese<\/p>\n\n\n\n<p>Kveta Fridrichov\u00e1 (1958-)<\/p>\n\n\n\n<p>Ilse Fromm-Michaelis (1888-1986)<\/p>\n\n\n\n<p><a href=\"https:\/\/vimeo.com\/728758250\" target=\"_blank\" rel=\"noreferrer noopener\">Elisa Fuchs-Delaye<\/a><\/p>\n\n\n\n<p>Biancamaria Furgeri (1935-)<\/p>\n\n\n\n<p id=\"ZuG\">G<\/p>\n\n\n\n<p><a href=\"https:\/\/aha-musik.de\/index.php\/2024\/05\/07\/maria-gary\/\">Maria Gary<\/a> (1903-1992)<\/p>\n\n\n\n<p>C\u00e9cile Gauthiez (1873-1946)<\/p>\n\n\n\n<p>Sandra Gay (1943-)<\/p>\n\n\n\n<p>Ilse Ger\u00e9nyi (1929-)<\/p>\n\n\n\n<p>Lucija Garuta (1902-1977)<\/p>\n\n\n\n<p>Marie-Louise Girod (1915-2014)<\/p>\n\n\n\n<p>Cynthia L. Goff (1963-)<\/p>\n\n\n\n<p><a href=\"https:\/\/aha-musik.de\/index.php\/2024\/10\/16\/helene-gonthier-1865-1893\/\">H\u00e9l\u00e8ne Gonthier<\/a> (1865-1893)<\/p>\n\n\n\n<p><a href=\"https:\/\/imslp.org\/wiki\/Category:Gorochnaya,_Vasilisa\">Vasilisa Gorochnaya<\/a> (1989-)<\/p>\n\n\n\n<p><a href=\"https:\/\/aha-musik.de\/index.php\/2025\/09\/15\/sammelband-jeg-horte-lyden-af-deres-vinger\/\" data-type=\"post\" data-id=\"433\">B\u00e1ra Gr\u00edmsd\u00f3ttir<\/a> (1960-)<\/p>\n\n\n\n<p>Sofia Gubaidulina (1931-2025)<\/p>\n\n\n\n<p>Francine Guiberteau (1941-)<\/p>\n\n\n\n<p>Gabriela Gullin (1961-)<\/p>\n\n\n\n<p id=\"ZuH\">H<\/p>\n\n\n\n<p>Heather Hammond<\/p>\n\n\n\n<p>Barbara Harbach (1946-)<\/p>\n\n\n\n<p>Christina Harmon (1944-)<\/p>\n\n\n\n<p>Barbara Heller (1936-)<\/p>\n\n\n\n<p>Fanny Hensel (Mendelssohn) (1805-1847)<\/p>\n\n\n\n<p>Elizabeth Hill<\/p>\n\n\n\n<p>Maria Hofer (1894-1977)<\/p>\n\n\n\n<p><a href=\"https:\/\/furore-verlag.de\/komponistin\/dorothea-hofmann\/\">Dorothea Hofmann<\/a> (1961-)<\/p>\n\n\n\n<p>Augusta Mary Anne Holm\u00e8s (1847-1903)<\/p>\n\n\n\n<p>Adriana H\u00f6lszky (1953-)<\/p>\n\n\n\n<p>Eva Maria Houben (1955-)<\/p>\n\n\n\n<p>Mary Howe<\/p>\n\n\n\n<p><a href=\"https:\/\/aha-musik.de\/index.php\/2025\/07\/21\/marie-rose-huble\/\">Marie-Rose Hubl\u00e9<\/a> (1889-1970)<\/p>\n\n\n\n<p>Hazel Hudson<\/p>\n\n\n\n<p id=\"ZuI\">I<\/p>\n\n\n\n<p>Tamara Ibragimowa (1958-)<\/p>\n\n\n\n<p>Filomena Iaccarino<\/p>\n\n\n\n<p id=\"ZuJ\">J<\/p>\n\n\n\n<p>Betty Jackson King (1928-1994)<\/p>\n\n\n\n<p><a rel=\"noreferrer noopener\" href=\"https:\/\/vimeo.com\/629074202\" target=\"_blank\">Elizabeth Jacquet de la Guerre<\/a> (1665-1729)<\/p>\n\n\n\n<p>Gladys Jameson (1899-1973)<\/p>\n\n\n\n<p>Sr. Leonore Jenny (1923-)<\/p>\n\n\n\n<p>Betsy Jolas (1926-)<\/p>\n\n\n\n<p>Joyce Jones<\/p>\n\n\n\n<p><a href=\"https:\/\/vimeo.com\/759819822\" target=\"_blank\" rel=\"noreferrer noopener\">Tamsin Jones<\/a><\/p>\n\n\n\n<p>Jane Joseph (1894-1929)<\/p>\n\n\n\n<p>Jeanne Joulain (1920-2010)<\/p>\n\n\n\n<p>Lyn Joyner<\/p>\n\n\n\n<p id=\"ZuK\">K<\/p>\n\n\n\n<p>Gertraut Kaltenecker (1915-2004)<\/p>\n\n\n\n<p><a href=\"https:\/\/aha-musik.de\/index.php\/2024\/06\/17\/orgelpark-amsterdam-symposium-interfaces\/\">Jasmine Karimova<\/a><\/p>\n\n\n\n<p>Claire Karst Rivero<\/p>\n\n\n\n<p>Karen Keene (1941-)<\/p>\n\n\n\n<p>Barbara Kennedy<\/p>\n\n\n\n<p><a href=\"https:\/\/furore-verlag.de\/komponistin\/khachatryan\/\">Narine Khachatryan<\/a> (1979-)<\/p>\n\n\n\n<p>Marianne Kim (1972-)<\/p>\n\n\n\n<p>Maja Solveig Kjelstrup Ratkje (1973-)<\/p>\n\n\n\n<p>Rebecca Kleintop Owens<\/p>\n\n\n\n<p>Barbara Kluntz<\/p>\n\n\n\n<p>Phoebe P. Knapp (1839-1908)<\/p>\n\n\n\n<p>Mari Kodama<\/p>\n\n\n\n<p>Celina Kohan de Scher (1931-2015)<\/p>\n\n\n\n<p>Zhanna Kolodub (1930-)<\/p>\n\n\n\n<p>Dagmar Koptein (1957-)<\/p>\n\n\n\n<p>Mathilde Kralik von Meyrswalden (1857-1944)<\/p>\n\n\n\n<p>Susanne Kugelmeier (1962-)<\/p>\n\n\n\n<p>Felicitas Kukuck (1914-2001)<\/p>\n\n\n\n<p>Liselotte Kunkel (1975-)<\/p>\n\n\n\n<p>Dzintra Kurme-Gedroica (1968-)<\/p>\n\n\n\n<p id=\"ZuL\">L<\/p>\n\n\n\n<p><a href=\"https:\/\/aha-musik.de\/index.php\/2025\/10\/06\/germaine-labole\/\">Germaine Labole<\/a> (1896-1942)<\/p>\n\n\n\n<p>Kristina Langlois<\/p>\n\n\n\n<p>Libby Larsen (1950-)<\/p>\n\n\n\n<p>Mary A. Laselle<\/p>\n\n\n\n<p>Rachel Laurin (1961-)<\/p>\n\n\n\n<p><a href=\"https:\/\/aha-musik.de\/index.php\/2023\/06\/13\/may-f-lawrence\/\" data-type=\"post\" data-id=\"160\">May F. Lawrence<\/a> (?-1958)<\/p>\n\n\n\n<p><a rel=\"noreferrer noopener\" href=\"https:\/\/vimeo.com\/702736181\" target=\"_blank\">Luisa Adolpha le Beau<\/a> (1850-1927)<\/p>\n\n\n\n<p>Hope Lee (1953-)<\/p>\n\n\n\n<p><a href=\"https:\/\/aha-musik.de\/index.php\/2023\/11\/08\/beate-leibe\/\">Beate Le<\/a><a href=\"https:\/\/www.beate-leibe.de\/\" target=\"_blank\" rel=\"noreferrer noopener\">ibe<\/a> (1954-)<\/p>\n\n\n\n<p>Edith Lejet (1941-)<\/p>\n\n\n\n<p><a href=\"https:\/\/aha-musik.de\/index.php\/2024\/02\/21\/susanne-lemcke\/\">Susanne Lemcke<\/a> (1930-2014)<\/p>\n\n\n\n<p>Signe Lindeman (1895-1974)<\/p>\n\n\n\n<p>Janet Linker<\/p>\n\n\n\n<p><a rel=\"noreferrer noopener\" href=\"https:\/\/vimeo.com\/744104005\" target=\"_blank\">Kate Loder<\/a> (1825-1904)<\/p>\n\n\n\n<p>Ruth Lomon (1930-2017)<\/p>\n\n\n\n<p>Annie Frances Loud<\/p>\n\n\n\n<p>Ivana Loudov\u00e1 (1941-2017)<\/p>\n\n\n\n<p>Katharine E. Lucke<\/p>\n\n\n\n<p id=\"ZuM\">M<\/p>\n\n\n\n<p>Ester M\u00e4gi (1922-2021)<\/p>\n\n\n\n<p><a href=\"https:\/\/furore-verlag.de\/komponistin\/olga-magidenko\/\">Olga Magidenko<\/a> (1954-)<\/p>\n\n\n\n<p>Phyllis Mains<\/p>\n\n\n\n<p>Mary Marcus<\/p>\n\n\n\n<p><a href=\"https:\/\/aha-musik.de\/index.php\/2025\/09\/15\/sammelband-jeg-horte-lyden-af-deres-vinger\/\" data-type=\"post\" data-id=\"433\">\u00de\u00f3ra Marteinsd\u00f3ttir<\/a> (1978-)<\/p>\n\n\n\n<p>Emily Maxson Porter (1942-)<\/p>\n\n\n\n<p>Frances McCollin (1892-1960)<\/p>\n\n\n\n<p>Mary McDonald (1956-)<\/p>\n\n\n\n<p>Marion McGregor (1818-18xx)<\/p>\n\n\n\n<p>Frauke Mekelburg<\/p>\n\n\n\n<p>Selga Mence (1953-)<\/p>\n\n\n\n<p><a href=\"https:\/\/aha-musik.de\/index.php\/2024\/06\/17\/orgelpark-amsterdam-symposium-interfaces\/\">Anne Michael<\/a><\/p>\n\n\n\n<p><a href=\"https:\/\/aha-musik.de\/index.php\/2023\/04\/28\/christiane-michel-ostertun\/\">Christiane Michel-Ostertun<\/a> (1964-)<\/p>\n\n\n\n<p><a href=\"https:\/\/aha-musik.de\/index.php\/2023\/04\/26\/ann-mounsey-bartholomew\/\">Ann (Anne?) Mounsey Bartholomew<\/a> (1811-1891)<\/p>\n\n\n\n<p><a href=\"https:\/\/aha-musik.de\/index.php\/2025\/07\/07\/elizabeth-mounsey\/\">Elizabeth Mounsey<\/a> (1819-1905)<\/p>\n\n\n\n<p>Krystyna Moszuma\u0144ska-Nazar (1924-2008)<\/p>\n\n\n\n<p><a href=\"https:\/\/furore-verlag.de\/komponistin\/florentine-mulsant\/\">Florentine Mulsant<\/a> (1962-)<\/p>\n\n\n\n<p>Isabel Mundry (1963-)<\/p>\n\n\n\n<p>Shirley Munger (1923-2005)<\/p>\n\n\n\n<p id=\"ZuN\">N<\/p>\n\n\n\n<p>June Nixon (1942-)<\/p>\n\n\n\n<p>Ruth Norman (1927-2007)<\/p>\n\n\n\n<p>Florence Norvel<\/p>\n\n\n\n<p id=\"ZuO\">O<\/p>\n\n\n\n<p><a href=\"https:\/\/furore-verlag.de\/komponistin\/vivienne-olive\/\">Vivienne Olive<\/a> (1950-)<\/p>\n\n\n\n<p>Rebecca K. Owens<\/p>\n\n\n\n<p id=\"ZuP\">P<\/p>\n\n\n\n<p>Anna Laura Page (1943-)<\/p>\n\n\n\n<p>Roxanna Panufnik<\/p>\n\n\n\n<p>Dorothy J. Papadakos (1960-)<\/p>\n\n\n\n<p>Eva Pelucchi<\/p>\n\n\n\n<p><a href=\"https:\/\/aha-musik.de\/index.php\/2023\/07\/01\/ika-peyron\/\">Ika Peyron<\/a> (1845-1922)<\/p>\n\n\n\n<p>Maria Eletta Pierandrei<\/p>\n\n\n\n<p>Odile Pierre (1932-)<\/p>\n\n\n\n<p><a href=\"https:\/\/www.jennipinnock.com\/\">Jenni Pinnock<\/a><\/p>\n\n\n\n<p>Simone Pl\u00e9-Caussade (1897-1986)<\/p>\n\n\n\n<p>Helga Pohle (Pohl?)<\/p>\n\n\n\n<p><a href=\"https:\/\/imslp.org\/wiki\/Category:Faxon,_Nancy_Plummer\">Nancy Plummer Faxon<\/a> (1914-2005)<\/p>\n\n\n\n<p><a rel=\"noreferrer noopener\" href=\"https:\/\/vimeo.com\/537344824\" target=\"_blank\">Marie Josephine Claire Prestat<\/a> (1862-1933)<\/p>\n\n\n\n<p><a href=\"https:\/\/aha-musik.de\/index.php\/2025\/10\/20\/florence-price-orgel-und-klavier\/\">Florence Bea Price<\/a> (1887-1953)<\/p>\n\n\n\n<p>Teresa Procaccini (1934-)<\/p>\n\n\n\n<p><a href=\"https:\/\/aha-musik.de\/index.php\/2024\/06\/17\/orgelpark-amsterdam-symposium-interfaces\/\">Sarah Proske<\/a><\/p>\n\n\n\n<p>Henriette Puig Roget (1910-1992)<\/p>\n\n\n\n<p id=\"ZuR\">R<\/p>\n\n\n\n<p><a href=\"https:\/\/aha-musik.de\/index.php\/2026\/01\/05\/christa-rakich\/\">Christa Rakich<\/a> (1952-)<\/p>\n\n\n\n<p>Elizabeth Raum (1945-)<\/p>\n\n\n\n<p>Henriette Reni\u00e9 (1875-1956)<\/p>\n\n\n\n<p>Jeannine Richer (1924-)<\/p>\n\n\n\n<p>Marga Richter (1926-)<\/p>\n\n\n\n<p>Helene Riese Liebmann (1795-1859)<\/p>\n\n\n\n<p>Marylin Rinehart (1926-2012)<\/p>\n\n\n\n<p>Lucie Robert Diessel (1936-)<\/p>\n\n\n\n<p>Anne Roberts<\/p>\n\n\n\n<p>Betty Roe<\/p>\n\n\n\n<p>Blanche Rozan<\/p>\n\n\n\n<p><a href=\"https:\/\/aha-musik.de\/index.php\/2025\/09\/15\/sammelband-jeg-horte-lyden-af-deres-vinger\/\" data-type=\"post\" data-id=\"433\">Hildigunnur R\u00fanarsd\u00f3ttir<\/a> (1964-)<\/p>\n\n\n\n<p id=\"ZuS\">S<\/p>\n\n\n\n<p>Grazia Salvatori (1941-)<\/p>\n\n\n\n<p><a href=\"https:\/\/en.wikipedia.org\/wiki\/Margaret_Vardell_Sandresky\">Margaret Sandresky<\/a> (1921-)<\/p>\n\n\n\n<p>Antonia Sarcina (1963-)<\/p>\n\n\n\n<p><a href=\"https:\/\/aha-musik.de\/index.php\/2024\/03\/12\/alice-sauvrezis\/\" data-type=\"link\" data-id=\"https:\/\/aha-musik.de\/index.php\/2024\/03\/12\/alice-sauvrezis\/\">Alice Sauvrezis<\/a> (1865-1946)<\/p>\n\n\n\n<p><a href=\"https:\/\/aha-musik.de\/index.php\/2024\/06\/17\/orgelpark-amsterdam-symposium-interfaces\/\">Carla Scaletti<\/a><\/p>\n\n\n\n<p>Maria Scharwie\u00df (1942-)<\/p>\n\n\n\n<p><a href=\"https:\/\/furore-verlag.de\/komponistin\/ruth-schonthal\/\">Ruth Schonthal<\/a> (1924-2006)<\/p>\n\n\n\n<p>Christine Schulz<\/p>\n\n\n\n<p>Clara Schumann (1819-1896)<\/p>\n\n\n\n<p>Julia Schwartz 1963<\/p>\n\n\n\n<p>Blanche Selva<\/p>\n\n\n\n<p>Johanna Senfter (1879-1961)<\/p>\n\n\n\n<p>Judith Shatin<\/p>\n\n\n\n<p>Adaline Shepherd (1883-1950)<\/p>\n\n\n\n<p>Lisa Shoemaker Lohmeyer<\/p>\n\n\n\n<p>Maddalena Sirmen (Lombardini Sirmen) (1745-1818)<\/p>\n\n\n\n<p>Julia Smith (1911-)<\/p>\n\n\n\n<p><a href=\"https:\/\/aha-musik.de\/index.php\/2023\/11\/29\/ethel-smyth\/\">Ethel Smyth<\/a> (1858-1944)<\/p>\n\n\n\n<p><a href=\"https:\/\/gtfeducation.org\/faculty-staff\/martha-sobaje-d-s-m\/\">Martha Sobaje<\/a> (1948-)<\/p>\n\n\n\n<p>Silvia Sommer (1944-)<\/p>\n\n\n\n<p>Liselotte Spettmann<\/p>\n\n\n\n<p>Stephanie Sp\u00f6rl<\/p>\n\n\n\n<p>Ute Springer<\/p>\n\n\n\n<p>Miss Steemson<\/p>\n\n\n\n<p>Evelyn Stell<\/p>\n\n\n\n<p><a rel=\"noreferrer noopener\" href=\"https:\/\/vimeo.com\/416840056\" target=\"_blank\">Elizabeth Stirling<\/a> (1819-1895)<\/p>\n\n\n\n<p>Susanne Z. Swiridoff (1955-)<\/p>\n\n\n\n<p>Erzs\u00e9bet Sz\u0151nyi (1924-2019)<\/p>\n\n\n\n<p id=\"ZuT\">T<\/p>\n\n\n\n<p>Germaine Tailleferre (1892-1983)<\/p>\n\n\n\n<p>Annelies Tanis (1959-)<\/p>\n\n\n\n<p>Hilary Tann (1947-)<\/p>\n\n\n\n<p>Hilary Tardif (1932-)<\/p>\n\n\n\n<p>Tina Ternes (1969-)<\/p>\n\n\n\n<p><a rel=\"noreferrer noopener\" href=\"https:\/\/vimeo.com\/431755315\" target=\"_blank\">Helene Tham<\/a> (1843-1925)<\/p>\n\n\n\n<p>Marylin Thompson<\/p>\n\n\n\n<p>Penelope Thwaites (1944-)<\/p>\n\n\n\n<p><a rel=\"noreferrer noopener\" href=\"https:\/\/vimeo.com\/568926895\" target=\"_blank\">Elizabeth Turner<\/a> (?-1756)<\/p>\n\n\n\n<p id=\"ZuU\">U<\/p>\n\n\n\n<p>Catherina Urner (1891-1942)<\/p>\n\n\n\n<p id=\"ZuV\">V<\/p>\n\n\n\n<p>Mary Jeanne van Appledorn (1927-2014)<\/p>\n\n\n\n<p>Margriet van den Berg (1958-)<\/p>\n\n\n\n<p>Elisabeth von Herzogenberg (1847-1892)<\/p>\n\n\n\n<p><a href=\"https:\/\/www.camillevanlunen.de\/home.htm\" target=\"_blank\" rel=\"noreferrer noopener\">Camille van Lunen<\/a> (1957-)<\/p>\n\n\n\n<p>Maria Theresia von Paradis (1759-1824)<\/p>\n\n\n\n<p>Grete von Zieritz (1899-2001)<\/p>\n\n\n\n<p id=\"ZuW\">W<\/p>\n\n\n\n<p>An-Ming Wang (1926-)<\/p>\n\n\n\n<p>Sarah Watts<\/p>\n\n\n\n<p>Judith Weir (1954-)<\/p>\n\n\n\n<p><a rel=\"noreferrer noopener\" href=\"https:\/\/vimeo.com\/568932673\" target=\"_blank\">Kate Westrop<\/a> (1840-1923)<\/p>\n\n\n\n<p>Eleanor Whitsett (1931-)<\/p>\n\n\n\n<p>Caroline Wilkins<\/p>\n\n\n\n<p>Madeleine Will (1910-)<\/p>\n\n\n\n<p><a href=\"https:\/\/www.sharonjwillis.com\/biographical-profile-1\">Sharon J. Willis<\/a> (1949-)<\/p>\n\n\n\n<p>Erna Woll (1917-2005)<\/p>\n\n\n\n<p id=\"ZuZ\">Z<\/p>\n\n\n\n<p>Ruth Zechlin (1926-2007)<\/p>\n\n\n\n<p><\/p>\n\n\n\n<p id=\"ZuLinks\">Links<\/p>\n\n\n\n<p><a rel=\"noreferrer noopener\" href=\"https:\/\/www.societyofwomenorganists.co.uk\/women-composers\" target=\"_blank\">Listen der SWO<\/a><\/p>\n\n\n\n<p><a href=\"https:\/\/www.archiv-frau-musik.de\/onlinekatalog\" target=\"_blank\" rel=\"noreferrer noopener\">Onlinekatalog <\/a>des Archiv &#8222;Frau und Musik&#8220;<\/p>\n","protected":false},"excerpt":{"rendered":"<p>Hier teile ich meine Liste von Komponistinnen, die f\u00fcr Orgel komponiert haben oder die Werke f\u00fcr Tasteninstrument geschrieben haben, die sich gut auf die Orgel \u00fcbertragen oder auf der Orgel darstellen lassen. Diese Liste erhebt keinen Anspruch auf Vollst\u00e4ndigkeit und entstand aus meiner praktischen Arbeit als Musikerin. Wer Fehler entdeckt (Namen, Lebensdaten&#8230;) oder Erg\u00e4nzungen hat, [&hellip;]<\/p>\n","protected":false},"author":1,"featured_media":0,"parent":0,"menu_order":0,"comment_status":"closed","ping_status":"closed","template":"","meta":{"footnotes":""},"class_list":["post-17","page","type-page","status-publish","hentry"],"_links":{"self":[{"href":"https:\/\/aha-musik.de\/index.php\/wp-json\/wp\/v2\/pages\/17","targetHints":{"allow":["GET"]}}],"collection":[{"href":"https:\/\/aha-musik.de\/index.php\/wp-json\/wp\/v2\/pages"}],"about":[{"href":"https:\/\/aha-musik.de\/index.php\/wp-json\/wp\/v2\/types\/page"}],"author":[{"embeddable":true,"href":"https:\/\/aha-musik.de\/index.php\/wp-json\/wp\/v2\/users\/1"}],"replies":[{"embeddable":true,"href":"https:\/\/aha-musik.de\/index.php\/wp-json\/wp\/v2\/comments?post=17"}],"version-history":[{"count":60,"href":"https:\/\/aha-musik.de\/index.php\/wp-json\/wp\/v2\/pages\/17\/revisions"}],"predecessor-version":[{"id":592,"href":"https:\/\/aha-musik.de\/index.php\/wp-json\/wp\/v2\/pages\/17\/revisions\/592"}],"wp:attachment":[{"href":"https:\/\/aha-musik.de\/index.php\/wp-json\/wp\/v2\/media?parent=17"}],"curies":[{"name":"wp","href":"https:\/\/api.w.org\/{rel}","templated":true}]}}