{"id":2,"date":"2023-01-06T09:41:49","date_gmt":"2023-01-06T09:41:49","guid":{"rendered":"https:\/\/aha-musik.de\/?page_id=2"},"modified":"2025-11-04T13:25:20","modified_gmt":"2025-11-04T13:25:20","slug":"profil","status":"publish","type":"page","link":"https:\/\/aha-musik.de\/index.php\/profil\/","title":{"rendered":"Profil"},"content":{"rendered":"\n<p>Diplom-Musiklehrerin (Hochschule f\u00fcr K\u00fcnste Bremen)<\/p>\n\n\n\n<p>Post-graduate diploma in music therapy (University of Surrey Roehampton)<\/p>\n\n\n\n<p>Master of Arts Erwachsenenbildung (TU Kaiserslautern)<\/p>\n\n\n\n<p><\/p>\n\n\n\n<p>Ich bin Mitglied des <a href=\"https:\/\/www.archiv-frau-musik.de\/\" target=\"_blank\" rel=\"noreferrer noopener\">Internationalen Arbeitskreises Frau und Musik e.V.<\/a>, der <a href=\"https:\/\/www.societyofwomenorganists.co.uk\/\" target=\"_blank\" rel=\"noreferrer noopener\">Society of Women Organists<\/a>, der <a href=\"https:\/\/www.bamt.org\/\" target=\"_blank\" rel=\"noreferrer noopener\">British Association for Music Therapy<\/a> und der <a href=\"https:\/\/orff-schulwerk.de\/\">Orff-Schulwerk-Gesellschaft Deutschland e.V.<\/a><\/p>\n\n\n\n<p>Ein Schwerpunkt meiner musikalischen Arbeit ist es, auch weniger bekannten Komponistinnen und Komponisten Raum zu geben und deren Werke vorzustellen, sowie die Besch\u00e4ftigung mit kleinen Orgeln und deren klanglichen M\u00f6glichkeiten. Ich stehe in engem Austausch mit zeitgen\u00f6ssischen Komponist*innen und bin mit Aufnahmen bei YouTube, PeerTube und Vimeo zu h\u00f6ren, u.a. mit Ersteinspielungen von neuen Kompositionen.<\/p>\n\n\n\n<p>Ich liebe es, zu singen und Menschen beim Finden ihrer eigenen Stimme zu unterst\u00fctzen. Stimmbildung ist eine meiner Leidenschaften. Au\u00dferdem bin ich als Chordirigentin und Begleiterin aktiv und neben Orgel und Klavier geh\u00f6ren Akkordeon und Blockfl\u00f6te zu meinen gern genutzten Instrumenten. 2024 ist eine Ukulele bei mir eingezogen und kommt ab und an z.B. im Gottesdienst zum Einsatz,<\/p>\n\n\n\n<p><\/p>\n\n\n\n<p><a href=\"https:\/\/rankett.net\/a\/andijah\/videos?s=1\" target=\"_blank\" rel=\"noreferrer noopener\">Videos im Fediverse<\/a><\/p>\n\n\n\n<p><a href=\"https:\/\/vimeo.com\/ahamusik\/\" target=\"_blank\" rel=\"noreferrer noopener\">Videos bei Vimeo<\/a><\/p>\n\n\n\n<p><a href=\"https:\/\/brotkru.me\/@andijah\" target=\"_blank\" rel=\"noreferrer noopener\">Allt\u00e4gliches im Fediverse<\/a><\/p>\n\n\n\n<p><a href=\"https:\/\/misskey.de\/@andijah\" target=\"_blank\" rel=\"noreferrer noopener\">Weitere Spielwiese im Fediverse<\/a><\/p>\n","protected":false},"excerpt":{"rendered":"<p>Diplom-Musiklehrerin (Hochschule f\u00fcr K\u00fcnste Bremen) Post-graduate diploma in music therapy (University of Surrey Roehampton) Master of Arts Erwachsenenbildung (TU Kaiserslautern) Ich bin Mitglied des Internationalen Arbeitskreises Frau und Musik e.V., der Society of Women Organists, der British Association for Music Therapy und der Orff-Schulwerk-Gesellschaft Deutschland e.V. Ein Schwerpunkt meiner musikalischen Arbeit ist es, auch weniger [&hellip;]<\/p>\n","protected":false},"author":1,"featured_media":0,"parent":0,"menu_order":3,"comment_status":"closed","ping_status":"closed","template":"","meta":{"footnotes":""},"class_list":["post-2","page","type-page","status-publish","hentry"],"_links":{"self":[{"href":"https:\/\/aha-musik.de\/index.php\/wp-json\/wp\/v2\/pages\/2","targetHints":{"allow":["GET"]}}],"collection":[{"href":"https:\/\/aha-musik.de\/index.php\/wp-json\/wp\/v2\/pages"}],"about":[{"href":"https:\/\/aha-musik.de\/index.php\/wp-json\/wp\/v2\/types\/page"}],"author":[{"embeddable":true,"href":"https:\/\/aha-musik.de\/index.php\/wp-json\/wp\/v2\/users\/1"}],"replies":[{"embeddable":true,"href":"https:\/\/aha-musik.de\/index.php\/wp-json\/wp\/v2\/comments?post=2"}],"version-history":[{"count":8,"href":"https:\/\/aha-musik.de\/index.php\/wp-json\/wp\/v2\/pages\/2\/revisions"}],"predecessor-version":[{"id":476,"href":"https:\/\/aha-musik.de\/index.php\/wp-json\/wp\/v2\/pages\/2\/revisions\/476"}],"wp:attachment":[{"href":"https:\/\/aha-musik.de\/index.php\/wp-json\/wp\/v2\/media?parent=2"}],"curies":[{"name":"wp","href":"https:\/\/api.w.org\/{rel}","templated":true}]}}