{"id":397,"date":"2025-08-04T14:27:24","date_gmt":"2025-08-04T14:27:24","guid":{"rendered":"https:\/\/aha-musik.de\/?page_id=397"},"modified":"2025-08-04T14:29:04","modified_gmt":"2025-08-04T14:29:04","slug":"kuschelkissenkonzert","status":"publish","type":"page","link":"https:\/\/aha-musik.de\/index.php\/profil\/unterricht-konzerte-mehr\/kuschelkissenkonzert\/","title":{"rendered":"Kuschelkissenkonzert"},"content":{"rendered":"\n<p>Seit 2020 biete ich regelm\u00e4\u00dfig Kuschelkissenkonzerte an, um die Orgel und Orgelmusik in entspannter Atmosph\u00e4re f\u00fcr Menschen jeden Alters zug\u00e4nglich zu machen. Die Dauer von ca. 45 Minuten spricht auch Familien mit (kleinen) Kindern an und l\u00e4dt dazu ein, einmal ein Konzert zu besuchen. Die Kinder d\u00fcrfen sich w\u00e4hrend des Kuschelkissenkonzerts auch bewegen, wenn sie m\u00f6gen.<\/p>\n\n\n\n<p>Und, wie es der Name sagt, es d\u00fcrfen Kissen, Decken und Kuscheltiere mitgebracht werden, um es sich auf den Kirchenb\u00e4nken oder anderswo in der Kirche gem\u00fctlich zu machen.<\/p>\n\n\n\n<figure class=\"wp-block-image size-large\"><img loading=\"lazy\" decoding=\"async\" width=\"1024\" height=\"768\" src=\"https:\/\/aha-musik.de\/wp-content\/uploads\/2025\/08\/Mimako24_Seitenansicht-1-1024x768.jpg\" alt=\"Wir befinden uns auf einer Orgelempore. Links im Bild die Orgel, davor sitzen Kuscheltiere und ein Akkordeon ist zu sehen. Es liegen Kissen auf den Stufen und eine bunte Kuscheldecke. \" class=\"wp-image-400\" srcset=\"https:\/\/aha-musik.de\/wp-content\/uploads\/2025\/08\/Mimako24_Seitenansicht-1-1024x768.jpg 1024w, https:\/\/aha-musik.de\/wp-content\/uploads\/2025\/08\/Mimako24_Seitenansicht-1-300x225.jpg 300w, https:\/\/aha-musik.de\/wp-content\/uploads\/2025\/08\/Mimako24_Seitenansicht-1-768x576.jpg 768w, https:\/\/aha-musik.de\/wp-content\/uploads\/2025\/08\/Mimako24_Seitenansicht-1-1536x1152.jpg 1536w, https:\/\/aha-musik.de\/wp-content\/uploads\/2025\/08\/Mimako24_Seitenansicht-1-2048x1536.jpg 2048w\" sizes=\"auto, (max-width: 1024px) 100vw, 1024px\" \/><\/figure>\n\n\n\n<p>Passend zur jeweiligen Orgel stelle ich ein Programm aus verschiedenen Epochen und Stilrichtungen zusammen. Manche St\u00fccke laden zum Tr\u00e4umen ein, andere eher zum Mittanzen. Gelegenheit zum Mitmachen gibt es auch und ich bringe meist noch weitere Instrumente mit \u2013 zum Beispiel die kleine Kusine der Orgel, das Akkordeon, sowie Blockfl\u00f6ten und Rhythmusinstrumente.<\/p>\n\n\n\n<p>Meine langj\u00e4hrige Erfahrung als Musikp\u00e4dagogin, meine Begeisterung f\u00fcr die Orgel und f\u00fcr Musikvermittlung machen die Kuschelkissenkonzerte zu einem tollen Erlebnis f\u00fcr alle Altersgruppen.<\/p>\n\n\n\n<p>Gerne komme ich auch in Ihre Kirche! Ob gro\u00dfe oder kleine Orgel, gro\u00dfes oder kleines Budget: <a href=\"https:\/\/aha-musik.de\/index.php\/impressum\/\" data-type=\"page\" data-id=\"3\">reden wir miteinander<\/a>.<\/p>\n","protected":false},"excerpt":{"rendered":"<p>Seit 2020 biete ich regelm\u00e4\u00dfig Kuschelkissenkonzerte an, um die Orgel und Orgelmusik in entspannter Atmosph\u00e4re f\u00fcr Menschen jeden Alters zug\u00e4nglich zu machen. Die Dauer von ca. 45 Minuten spricht auch Familien mit (kleinen) Kindern an und l\u00e4dt dazu ein, einmal ein Konzert zu besuchen. Die Kinder d\u00fcrfen sich w\u00e4hrend des Kuschelkissenkonzerts auch bewegen, wenn sie [&hellip;]<\/p>\n","protected":false},"author":1,"featured_media":0,"parent":95,"menu_order":0,"comment_status":"closed","ping_status":"closed","template":"","meta":{"footnotes":""},"class_list":["post-397","page","type-page","status-publish","hentry"],"_links":{"self":[{"href":"https:\/\/aha-musik.de\/index.php\/wp-json\/wp\/v2\/pages\/397","targetHints":{"allow":["GET"]}}],"collection":[{"href":"https:\/\/aha-musik.de\/index.php\/wp-json\/wp\/v2\/pages"}],"about":[{"href":"https:\/\/aha-musik.de\/index.php\/wp-json\/wp\/v2\/types\/page"}],"author":[{"embeddable":true,"href":"https:\/\/aha-musik.de\/index.php\/wp-json\/wp\/v2\/users\/1"}],"replies":[{"embeddable":true,"href":"https:\/\/aha-musik.de\/index.php\/wp-json\/wp\/v2\/comments?post=397"}],"version-history":[{"count":3,"href":"https:\/\/aha-musik.de\/index.php\/wp-json\/wp\/v2\/pages\/397\/revisions"}],"predecessor-version":[{"id":402,"href":"https:\/\/aha-musik.de\/index.php\/wp-json\/wp\/v2\/pages\/397\/revisions\/402"}],"up":[{"embeddable":true,"href":"https:\/\/aha-musik.de\/index.php\/wp-json\/wp\/v2\/pages\/95"}],"wp:attachment":[{"href":"https:\/\/aha-musik.de\/index.php\/wp-json\/wp\/v2\/media?parent=397"}],"curies":[{"name":"wp","href":"https:\/\/api.w.org\/{rel}","templated":true}]}}