{"id":405,"date":"2025-08-04T14:34:00","date_gmt":"2025-08-04T14:34:00","guid":{"rendered":"https:\/\/aha-musik.de\/?page_id=405"},"modified":"2025-08-04T14:38:39","modified_gmt":"2025-08-04T14:38:39","slug":"mitmachkonzert","status":"publish","type":"page","link":"https:\/\/aha-musik.de\/index.php\/profil\/unterricht-konzerte-mehr\/mitmachkonzert\/","title":{"rendered":"Mitmachkonzert"},"content":{"rendered":"\n<p>Die Orgel in all ihren Facetten steht im Mittelpunkt der musikalischen Entdeckungsreise bei meinen Mitmachkonzerten f\u00fcr Kinder ab ca. 7 Jahren. Erwachsene sind nat\u00fcrlich auch willkommen!<\/p>\n\n\n\n<p>Im Konzert aktiv zu sein ist ausdr\u00fccklich erlaubt: beim Lieder w\u00fcrfeln oder beim Kl\u00e4nge raten, beim Komponieren eines Musikst\u00fccks, beim Bewegen zur Musik oder einfach beim Sitzen und Lauschen \u2013 im Mitmachkonzert ist vieles m\u00f6glich. Und vielleicht ist auch der alte B\u00e4r mit dabei, die sprechende Kaffeetasse hat einen Auftritt, oder ein Schl\u00fcsselbund wird zum Musikinstrument.<\/p>\n\n\n\n<figure class=\"wp-block-image size-large\"><img loading=\"lazy\" decoding=\"async\" width=\"1024\" height=\"768\" src=\"https:\/\/aha-musik.de\/wp-content\/uploads\/2025\/08\/Mimako24_Ansicht-1024x768.jpg\" alt=\"Blick auf eine Orgel, davor steht ein Akkordeon und Kuscheltiere sitzen am Boden. Es sind bunte Kissen zu sehen, und auf einer Kirchenbank liegt ein gro\u00dfer W\u00fcrfel, daneben Musikinstrumente. Am Spieltisch der Orgel eine rote Kaffeetasse aus Pl\u00fcsch.\" class=\"wp-image-406\" srcset=\"https:\/\/aha-musik.de\/wp-content\/uploads\/2025\/08\/Mimako24_Ansicht-1024x768.jpg 1024w, https:\/\/aha-musik.de\/wp-content\/uploads\/2025\/08\/Mimako24_Ansicht-300x225.jpg 300w, https:\/\/aha-musik.de\/wp-content\/uploads\/2025\/08\/Mimako24_Ansicht-768x576.jpg 768w, https:\/\/aha-musik.de\/wp-content\/uploads\/2025\/08\/Mimako24_Ansicht-1536x1152.jpg 1536w, https:\/\/aha-musik.de\/wp-content\/uploads\/2025\/08\/Mimako24_Ansicht-2048x1536.jpg 2048w\" sizes=\"auto, (max-width: 1024px) 100vw, 1024px\" \/><\/figure>\n\n\n\n<p>Gerne komme ich auch zu Ihnen. Nach M\u00f6glichkeit gehe ich auf Ihre W\u00fcnsche ein und stelle ein Programm ganz individuell zusammen.<\/p>\n\n\n\n<p>Dabei kombiniere ich meine langj\u00e4hrige Erfahrung als Musikp\u00e4dagogin und Organistin mit meiner Leidenschaft f\u00fcr inklusive Musikerlebnisse und meinem umfangreichen Repertoire an Orgelmusik aus verschiedenen Epochen und selbst komponierten Lieder und Musikst\u00fccken.<\/p>\n\n\n\n<p>Ob gro\u00dfe oder kleine Orgel, gro\u00dfes oder kleines Budget: <a href=\"https:\/\/aha-musik.de\/index.php\/impressum\/\" data-type=\"page\" data-id=\"3\">reden wir miteinander<\/a>.<\/p>\n","protected":false},"excerpt":{"rendered":"<p>Die Orgel in all ihren Facetten steht im Mittelpunkt der musikalischen Entdeckungsreise bei meinen Mitmachkonzerten f\u00fcr Kinder ab ca. 7 Jahren. Erwachsene sind nat\u00fcrlich auch willkommen! Im Konzert aktiv zu sein ist ausdr\u00fccklich erlaubt: beim Lieder w\u00fcrfeln oder beim Kl\u00e4nge raten, beim Komponieren eines Musikst\u00fccks, beim Bewegen zur Musik oder einfach beim Sitzen und Lauschen [&hellip;]<\/p>\n","protected":false},"author":1,"featured_media":0,"parent":95,"menu_order":0,"comment_status":"closed","ping_status":"closed","template":"","meta":{"footnotes":""},"class_list":["post-405","page","type-page","status-publish","hentry"],"_links":{"self":[{"href":"https:\/\/aha-musik.de\/index.php\/wp-json\/wp\/v2\/pages\/405","targetHints":{"allow":["GET"]}}],"collection":[{"href":"https:\/\/aha-musik.de\/index.php\/wp-json\/wp\/v2\/pages"}],"about":[{"href":"https:\/\/aha-musik.de\/index.php\/wp-json\/wp\/v2\/types\/page"}],"author":[{"embeddable":true,"href":"https:\/\/aha-musik.de\/index.php\/wp-json\/wp\/v2\/users\/1"}],"replies":[{"embeddable":true,"href":"https:\/\/aha-musik.de\/index.php\/wp-json\/wp\/v2\/comments?post=405"}],"version-history":[{"count":2,"href":"https:\/\/aha-musik.de\/index.php\/wp-json\/wp\/v2\/pages\/405\/revisions"}],"predecessor-version":[{"id":408,"href":"https:\/\/aha-musik.de\/index.php\/wp-json\/wp\/v2\/pages\/405\/revisions\/408"}],"up":[{"embeddable":true,"href":"https:\/\/aha-musik.de\/index.php\/wp-json\/wp\/v2\/pages\/95"}],"wp:attachment":[{"href":"https:\/\/aha-musik.de\/index.php\/wp-json\/wp\/v2\/media?parent=405"}],"curies":[{"name":"wp","href":"https:\/\/api.w.org\/{rel}","templated":true}]}}