{"id":43,"date":"2023-01-08T13:04:54","date_gmt":"2023-01-08T13:04:54","guid":{"rendered":"https:\/\/aha-musik.de\/?page_id=43"},"modified":"2026-02-13T13:03:44","modified_gmt":"2026-02-13T13:03:44","slug":"netzwerk","status":"publish","type":"page","link":"https:\/\/aha-musik.de\/index.php\/netzwerk\/","title":{"rendered":"Netzwerk"},"content":{"rendered":"\n<p>Hier finden sich Links zu den Seiten von Freund*innen und Kolleg*innen aus aller Welt, sowie zu Organisationen und Verb\u00e4nden, die f\u00fcr meine Arbeit relevant sind. Die Liste wird regelm\u00e4\u00dfig aktualisiert.<\/p>\n\n\n\n<p><a href=\"http:\/\/carlottaferrari.altervista.org\/\" target=\"_blank\" rel=\"noreferrer noopener\">Carlotta Ferrari &#8211; Komponistin<\/a><\/p>\n\n\n\n<p><a href=\"https:\/\/heikematthiesen.com\/\" target=\"_blank\" rel=\"noreferrer noopener\">Heike Matthiesen (1964-2023)<\/a><\/p>\n\n\n\n<p><a href=\"https:\/\/www.eva-meitner.de\/home\" target=\"_blank\" rel=\"noreferrer noopener\">Eva Meitner &#8211; Dirigentin<\/a><\/p>\n\n\n\n<p><a href=\"https:\/\/susanne-wosnitzka.de\/\" target=\"_blank\" rel=\"noreferrer noopener\">Susanne Wosnitzka &#8211; Musikwissenschaftlerin<\/a><\/p>\n\n\n\n<p><a href=\"http:\/\/tamsinjones.co.uk\/\" target=\"_blank\" rel=\"noreferrer noopener\">Tamsin Jones &#8211; Komponistin<\/a><\/p>\n\n\n\n<p><a href=\"https:\/\/www.archiv-frau-musik.de\/\" target=\"_blank\" rel=\"noreferrer noopener\">Archiv Frau &amp; Musik<\/a><\/p>\n\n\n\n<p><a href=\"https:\/\/www.societyofwomenorganists.co.uk\/\" target=\"_blank\" rel=\"noreferrer noopener\">Society of Women Organists<\/a><\/p>\n\n\n\n<p><a href=\"https:\/\/www.bamt.org\/\" target=\"_blank\" rel=\"noreferrer noopener\">British Association for Music Therapy<\/a><\/p>\n\n\n\n<p><a href=\"https:\/\/www.pianomusicshewrote.com\/\" target=\"_blank\" rel=\"noreferrer noopener\">Piano Music She Wrote &#8211; eine Sammlung von Klaviermusik von Komponistinnen, gepflegt von Erica Sipes und Sandra Mogensen<\/a><\/p>\n\n\n\n<p><a rel=\"noreferrer noopener\" href=\"https:\/\/www.beyondthenotescoaching.com\/\" target=\"_blank\">Erica Sipes &#8211; Pianistin<\/a><\/p>\n\n\n\n<p><a href=\"https:\/\/www.sandramogensen.com\/\" target=\"_blank\" rel=\"noreferrer noopener\">Sandra Mogensen &#8211; Pianistin<\/a><\/p>\n\n\n\n<p><a rel=\"noreferrer noopener\" href=\"http:\/\/cello.zakotnik.de\/\" target=\"_blank\">Katja Zakotnik &#8211; Cellistin<\/a><\/p>\n\n\n\n<p><a rel=\"noreferrer noopener\" href=\"http:\/\/maltehollmann.de\/\" target=\"_blank\">Malte Hollmann &#8211; Pianist &amp; Keyboarder<\/a><\/p>\n\n\n\n<p><a href=\"https:\/\/schallundstille.de\/\" target=\"_blank\" rel=\"noreferrer noopener\">Stephan &#8211; Allround-Musiker &#8222;Schall &amp; Stille&#8220;<\/a><\/p>\n\n\n\n<p><a href=\"http:\/\/www.friedhelm-bruns.de\/\" target=\"_blank\" rel=\"noreferrer noopener\">Friedhelm Bruns &#8211; Musikvermittler &amp; Theaterp\u00e4dagoge<\/a><\/p>\n\n\n\n<p><a href=\"https:\/\/leggieroblog.wordpress.com\/\">Susanne Schneider &#8211; Fl\u00f6tistin<\/a><\/p>\n\n\n\n<p><a href=\"https:\/\/www.orgelpark.nl\/\">Orgelpark Amsterdam<\/a><\/p>\n\n\n\n<p><a href=\"https:\/\/www.hetorgel.nl\/\">Het Orgel<\/a><\/p>\n\n\n\n<p><\/p>\n","protected":false},"excerpt":{"rendered":"<p>Hier finden sich Links zu den Seiten von Freund*innen und Kolleg*innen aus aller Welt, sowie zu Organisationen und Verb\u00e4nden, die f\u00fcr meine Arbeit relevant sind. Die Liste wird regelm\u00e4\u00dfig aktualisiert. Carlotta Ferrari &#8211; Komponistin Heike Matthiesen (1964-2023) Eva Meitner &#8211; Dirigentin Susanne Wosnitzka &#8211; Musikwissenschaftlerin Tamsin Jones &#8211; Komponistin Archiv Frau &amp; Musik Society of [&hellip;]<\/p>\n","protected":false},"author":1,"featured_media":0,"parent":0,"menu_order":1,"comment_status":"closed","ping_status":"closed","template":"","meta":{"footnotes":""},"class_list":["post-43","page","type-page","status-publish","hentry"],"_links":{"self":[{"href":"https:\/\/aha-musik.de\/index.php\/wp-json\/wp\/v2\/pages\/43","targetHints":{"allow":["GET"]}}],"collection":[{"href":"https:\/\/aha-musik.de\/index.php\/wp-json\/wp\/v2\/pages"}],"about":[{"href":"https:\/\/aha-musik.de\/index.php\/wp-json\/wp\/v2\/types\/page"}],"author":[{"embeddable":true,"href":"https:\/\/aha-musik.de\/index.php\/wp-json\/wp\/v2\/users\/1"}],"replies":[{"embeddable":true,"href":"https:\/\/aha-musik.de\/index.php\/wp-json\/wp\/v2\/comments?post=43"}],"version-history":[{"count":7,"href":"https:\/\/aha-musik.de\/index.php\/wp-json\/wp\/v2\/pages\/43\/revisions"}],"predecessor-version":[{"id":545,"href":"https:\/\/aha-musik.de\/index.php\/wp-json\/wp\/v2\/pages\/43\/revisions\/545"}],"wp:attachment":[{"href":"https:\/\/aha-musik.de\/index.php\/wp-json\/wp\/v2\/media?parent=43"}],"curies":[{"name":"wp","href":"https:\/\/api.w.org\/{rel}","templated":true}]}}