{"id":573,"date":"2026-03-12T09:17:04","date_gmt":"2026-03-12T09:17:04","guid":{"rendered":"https:\/\/aha-musik.de\/?page_id=573"},"modified":"2026-03-12T09:17:04","modified_gmt":"2026-03-12T09:17:04","slug":"wohnzimmerkonzert","status":"publish","type":"page","link":"https:\/\/aha-musik.de\/index.php\/profil\/unterricht-konzerte-mehr\/wohnzimmerkonzert\/","title":{"rendered":"Wohnzimmerkonzert"},"content":{"rendered":"\n<p>Gerne komme ich f\u00fcr ein Konzert zu Ihnen nach Hause und spiele z.B. Klavierwerke aus verschiedenen Epochen und von selten geh\u00f6rten oder auch von bekannten Komponistinnen und Komponisten. Das Alter des Instruments oder ob es ein Klavier oder ein Fl\u00fcgel ist spielt dabei keine Rolle. F\u00fcr Ihr H\u00f6rvergn\u00fcgen sollte die letzte Stimmung allerdings nicht zu lange her sein.<\/p>\n\n\n\n<p>Auf Wunsch bringe ich weitere Instrumente mit: Blockfl\u00f6ten, andere Fl\u00f6ten, Akkordeon oder Ukulele.<\/p>\n\n\n\n<p>Mein Konzertprogramm \u201eGreensleeves\u201c kombiniert Klaviermusik und Fl\u00f6tenmusik aus England, Schottland, Wales und Irland und ist auch als Wohnzimmerkonzert buchbar.<\/p>\n","protected":false},"excerpt":{"rendered":"<p>Gerne komme ich f\u00fcr ein Konzert zu Ihnen nach Hause und spiele z.B. Klavierwerke aus verschiedenen Epochen und von selten geh\u00f6rten oder auch von bekannten Komponistinnen und Komponisten. Das Alter des Instruments oder ob es ein Klavier oder ein Fl\u00fcgel ist spielt dabei keine Rolle. F\u00fcr Ihr H\u00f6rvergn\u00fcgen sollte die letzte Stimmung allerdings nicht zu [&hellip;]<\/p>\n","protected":false},"author":1,"featured_media":0,"parent":95,"menu_order":0,"comment_status":"closed","ping_status":"closed","template":"","meta":{"footnotes":""},"class_list":["post-573","page","type-page","status-publish","hentry"],"_links":{"self":[{"href":"https:\/\/aha-musik.de\/index.php\/wp-json\/wp\/v2\/pages\/573","targetHints":{"allow":["GET"]}}],"collection":[{"href":"https:\/\/aha-musik.de\/index.php\/wp-json\/wp\/v2\/pages"}],"about":[{"href":"https:\/\/aha-musik.de\/index.php\/wp-json\/wp\/v2\/types\/page"}],"author":[{"embeddable":true,"href":"https:\/\/aha-musik.de\/index.php\/wp-json\/wp\/v2\/users\/1"}],"replies":[{"embeddable":true,"href":"https:\/\/aha-musik.de\/index.php\/wp-json\/wp\/v2\/comments?post=573"}],"version-history":[{"count":1,"href":"https:\/\/aha-musik.de\/index.php\/wp-json\/wp\/v2\/pages\/573\/revisions"}],"predecessor-version":[{"id":574,"href":"https:\/\/aha-musik.de\/index.php\/wp-json\/wp\/v2\/pages\/573\/revisions\/574"}],"up":[{"embeddable":true,"href":"https:\/\/aha-musik.de\/index.php\/wp-json\/wp\/v2\/pages\/95"}],"wp:attachment":[{"href":"https:\/\/aha-musik.de\/index.php\/wp-json\/wp\/v2\/media?parent=573"}],"curies":[{"name":"wp","href":"https:\/\/api.w.org\/{rel}","templated":true}]}}