{"id":66,"date":"2023-01-09T09:16:23","date_gmt":"2023-01-09T09:16:23","guid":{"rendered":"https:\/\/aha-musik.de\/?page_id=66"},"modified":"2026-03-12T09:09:45","modified_gmt":"2026-03-12T09:09:45","slug":"werke-von-komponistinnen","status":"publish","type":"page","link":"https:\/\/aha-musik.de\/index.php\/repertoire\/werke-von-komponistinnen\/","title":{"rendered":"Werke von Komponistinnen"},"content":{"rendered":"\n<p>Von diesen Komponistinnen habe ich Werke f\u00fcr <strong>Orgel<\/strong> in meinem Repertoire (die Liste wird regelm\u00e4\u00dfig aktualisiert):<\/p>\n\n\n\n<p>Elfrida Andr\u00e9e<\/p>\n\n\n\n<p>Emma Louise Ashford<\/p>\n\n\n\n<p>Caterina Assandra<\/p>\n\n\n\n<p>Maja B\u00f6sch-Schildknecht<\/p>\n\n\n\n<p>Anna Bon di Venezia<\/p>\n\n\n\n<p>Rosalie Bonighton<\/p>\n\n\n\n<p>Mel Bonis<\/p>\n\n\n\n<p>Kate Boundy<\/p>\n\n\n\n<p>Matilde Capuis<\/p>\n\n\n\n<p>Theophania Cecil<\/p>\n\n\n\n<p>C\u00e9cile Chaminade<\/p>\n\n\n\n<p>Hedwige Chr\u00e9tien<\/p>\n\n\n\n<p>Jeanne Demessieux<\/p>\n\n\n\n<p>Elisabetta di Gambarini<\/p>\n\n\n\n<p>Carlotta Ferrari<\/p>\n\n\n\n<p>Elsbeth Forrer<\/p>\n\n\n\n<p>Elisa Fuchs-Delaye<\/p>\n\n\n\n<p>Maria Gary<\/p>\n\n\n\n<p>H\u00e9l\u00e8ne Gonthier<\/p>\n\n\n\n<p>B\u00e1ra Gr\u00edmsd\u00f3ttir<\/p>\n\n\n\n<p>Barbara Heller<\/p>\n\n\n\n<p>Fanny Hensel<\/p>\n\n\n\n<p>Elisabeth Jacquet de la Guerre<\/p>\n\n\n\n<p>Tamsin Jones<\/p>\n\n\n\n<p>Jeanne Joulain<\/p>\n\n\n\n<p>May F. Lawrence<\/p>\n\n\n\n<p>Beate Leibe<\/p>\n\n\n\n<p>Kate Loder<\/p>\n\n\n\n<p>Ester M\u00e4gi<\/p>\n\n\n\n<p>Christiane Michel-Ostertun<\/p>\n\n\n\n<p>Ann Mounsey Bartholomew<\/p>\n\n\n\n<p>June Nixon<\/p>\n\n\n\n<p>Florence Price<\/p>\n\n\n\n<p>Christa Rakich<\/p>\n\n\n\n<p>Ella S. Robinson<\/p>\n\n\n\n<p>Marion Smith McGregor<\/p>\n\n\n\n<p>Ethel Smyth<\/p>\n\n\n\n<p>Elizabeth Stirling<\/p>\n\n\n\n<p>Elizabeth Turner<\/p>\n\n\n\n<p>Sarah Watts<\/p>\n\n\n\n<p>Kate Westrop<\/p>\n\n\n\n<p>Sharon J. Willis<\/p>\n\n\n\n<p>Anna Katharina Winteler<\/p>\n\n\n\n<p>Erna Woll<\/p>\n","protected":false},"excerpt":{"rendered":"<p>Von diesen Komponistinnen habe ich Werke f\u00fcr Orgel in meinem Repertoire (die Liste wird regelm\u00e4\u00dfig aktualisiert): Elfrida Andr\u00e9e Emma Louise Ashford Caterina Assandra Maja B\u00f6sch-Schildknecht Anna Bon di Venezia Rosalie Bonighton Mel Bonis Kate Boundy Matilde Capuis Theophania Cecil C\u00e9cile Chaminade Hedwige Chr\u00e9tien Jeanne Demessieux Elisabetta di Gambarini Carlotta Ferrari Elsbeth Forrer Elisa Fuchs-Delaye Maria [&hellip;]<\/p>\n","protected":false},"author":1,"featured_media":0,"parent":15,"menu_order":0,"comment_status":"closed","ping_status":"closed","template":"","meta":{"footnotes":""},"class_list":["post-66","page","type-page","status-publish","hentry"],"_links":{"self":[{"href":"https:\/\/aha-musik.de\/index.php\/wp-json\/wp\/v2\/pages\/66","targetHints":{"allow":["GET"]}}],"collection":[{"href":"https:\/\/aha-musik.de\/index.php\/wp-json\/wp\/v2\/pages"}],"about":[{"href":"https:\/\/aha-musik.de\/index.php\/wp-json\/wp\/v2\/types\/page"}],"author":[{"embeddable":true,"href":"https:\/\/aha-musik.de\/index.php\/wp-json\/wp\/v2\/users\/1"}],"replies":[{"embeddable":true,"href":"https:\/\/aha-musik.de\/index.php\/wp-json\/wp\/v2\/comments?post=66"}],"version-history":[{"count":7,"href":"https:\/\/aha-musik.de\/index.php\/wp-json\/wp\/v2\/pages\/66\/revisions"}],"predecessor-version":[{"id":572,"href":"https:\/\/aha-musik.de\/index.php\/wp-json\/wp\/v2\/pages\/66\/revisions\/572"}],"up":[{"embeddable":true,"href":"https:\/\/aha-musik.de\/index.php\/wp-json\/wp\/v2\/pages\/15"}],"wp:attachment":[{"href":"https:\/\/aha-musik.de\/index.php\/wp-json\/wp\/v2\/media?parent=66"}],"curies":[{"name":"wp","href":"https:\/\/api.w.org\/{rel}","templated":true}]}}