{"id":95,"date":"2023-01-25T13:10:07","date_gmt":"2023-01-25T13:10:07","guid":{"rendered":"https:\/\/aha-musik.de\/?page_id=95"},"modified":"2026-03-12T08:43:12","modified_gmt":"2026-03-12T08:43:12","slug":"unterricht-konzerte-mehr","status":"publish","type":"page","link":"https:\/\/aha-musik.de\/index.php\/profil\/unterricht-konzerte-mehr\/","title":{"rendered":"Unterricht, Konzerte &#038; mehr"},"content":{"rendered":"\n<p>Ich unterrichte Stimmbildung <\/p>\n\n\n\n<ul class=\"wp-block-list\">\n<li>f\u00fcr Menschen, die gerne singen und\/oder viel sprechen<\/li>\n\n\n\n<li>f\u00fcr Menschen, die von sich sagen, sie k\u00f6nnten nicht singen<\/li>\n\n\n\n<li>f\u00fcr Einzelpersonen und Gruppen<\/li>\n\n\n\n<li>sowohl online als auch in Pr\u00e4senz. <\/li>\n<\/ul>\n\n\n\n<p>Dar\u00fcber hinaus gibt es bei mir<\/p>\n\n\n\n<ul class=\"wp-block-list\">\n<li>Stimmbildung f\u00fcr Ch\u00f6re<\/li>\n\n\n\n<li>Workshops\/Chorprojekte f\u00fcr Unternehmen<\/li>\n\n\n\n<li>Workshops f\u00fcr Erzieher*innen und Lehrer*innen<\/li>\n\n\n\n<li>Klavier- und Akkordeonunterricht f\u00fcr Erwachsene (Anf\u00e4nger und leicht Fortgeschrittene)<\/li>\n\n\n\n<li>Workshops und Seminare zu Pr\u00e4sentationen und Kreativit\u00e4t<\/li>\n\n\n\n<li>und noch einiges mehr &#8211; bei Interesse einfach <a rel=\"noreferrer noopener\" href=\"mailto:kontakt@aha-musik.de\" target=\"_blank\">Kontakt<\/a> aufnehmen!<\/li>\n<\/ul>\n\n\n\n<p>Ich stehe als Begleiterin an Orgel oder Klavier f\u00fcr Ch\u00f6re und Solist*innen und als Aushilfe im Sopran (Solo oder Chor) zur Verf\u00fcgung und \u00fcbernehme auch Urlaubsvertretungen f\u00fcr Chorleiter*innen. <\/p>\n\n\n\n<p>Ich bin in Hessen (Wetteraukreis\/Rhein-Main-Gebiet) unterwegs, nach Absprache auch bundesweit und dar\u00fcber hinaus.<\/p>\n\n\n\n<p><a href=\"mailto:kontakt@aha-musik.de\" target=\"_blank\" rel=\"noreferrer noopener\">Anfragen<\/a> f\u00fcr <a href=\"https:\/\/aha-musik.de\/index.php\/repertoire\/\" data-type=\"page\" data-id=\"15\">Orgelkonzerte<\/a> nehme ich gerne entgegen. Dar\u00fcber hinaus k\u00f6nnen Sie mich f\u00fcr Klavierkonzerte buchen, auch im h\u00e4uslichen Wohnzimmer.<\/p>\n\n\n\n<p>Kleines Instrument? Kein Problem! Ich mag es, die klanglichen M\u00f6glichkeiten von kleinen Orgeln zu entdecken und spiele sehr gerne auch in kleinen Kirchen.<br>Kleines Budget? Auch daf\u00fcr l\u00e4sst sich meist eine L\u00f6sung finden. <\/p>\n","protected":false},"excerpt":{"rendered":"<p>Ich unterrichte Stimmbildung Dar\u00fcber hinaus gibt es bei mir Ich stehe als Begleiterin an Orgel oder Klavier f\u00fcr Ch\u00f6re und Solist*innen und als Aushilfe im Sopran (Solo oder Chor) zur Verf\u00fcgung und \u00fcbernehme auch Urlaubsvertretungen f\u00fcr Chorleiter*innen. Ich bin in Hessen (Wetteraukreis\/Rhein-Main-Gebiet) unterwegs, nach Absprache auch bundesweit und dar\u00fcber hinaus. Anfragen f\u00fcr Orgelkonzerte nehme ich [&hellip;]<\/p>\n","protected":false},"author":1,"featured_media":0,"parent":2,"menu_order":0,"comment_status":"closed","ping_status":"closed","template":"","meta":{"footnotes":""},"class_list":["post-95","page","type-page","status-publish","hentry"],"_links":{"self":[{"href":"https:\/\/aha-musik.de\/index.php\/wp-json\/wp\/v2\/pages\/95","targetHints":{"allow":["GET"]}}],"collection":[{"href":"https:\/\/aha-musik.de\/index.php\/wp-json\/wp\/v2\/pages"}],"about":[{"href":"https:\/\/aha-musik.de\/index.php\/wp-json\/wp\/v2\/types\/page"}],"author":[{"embeddable":true,"href":"https:\/\/aha-musik.de\/index.php\/wp-json\/wp\/v2\/users\/1"}],"replies":[{"embeddable":true,"href":"https:\/\/aha-musik.de\/index.php\/wp-json\/wp\/v2\/comments?post=95"}],"version-history":[{"count":4,"href":"https:\/\/aha-musik.de\/index.php\/wp-json\/wp\/v2\/pages\/95\/revisions"}],"predecessor-version":[{"id":565,"href":"https:\/\/aha-musik.de\/index.php\/wp-json\/wp\/v2\/pages\/95\/revisions\/565"}],"up":[{"embeddable":true,"href":"https:\/\/aha-musik.de\/index.php\/wp-json\/wp\/v2\/pages\/2"}],"wp:attachment":[{"href":"https:\/\/aha-musik.de\/index.php\/wp-json\/wp\/v2\/media?parent=95"}],"curies":[{"name":"wp","href":"https:\/\/api.w.org\/{rel}","templated":true}]}}